{"id":15,"date":"2026-01-07T16:14:35","date_gmt":"2026-01-07T16:14:35","guid":{"rendered":"https:\/\/agencedecomi.com\/?page_id=15"},"modified":"2026-01-12T23:18:06","modified_gmt":"2026-01-12T23:18:06","slug":"nous-meritons-tous-detre-visibles","status":"publish","type":"page","link":"https:\/\/agencedecomi.com\/","title":{"rendered":"Nous m\u00e9ritons tous d\u2019\u00eatre visibles."},"content":{"rendered":"\n<blockquote class=\"wp-block-quote is-layout-flow wp-block-quote-is-layout-flow\">\n<p>J\u2019aide les personnes, commerces et projets \u00e0 gagner en visibilit\u00e9 gr\u00e2ce \u00e0 <strong>la vid\u00e9o, la photo et des contenus simples et premium<\/strong>.<\/p>\n<\/blockquote>\n\n\n\n<h2 class=\"wp-block-heading\">\ud83d\udd39 Services <\/h2>\n\n\n\n<p><strong>Prroduction vid\u00e9o &amp; contenus<\/strong><\/p>\n\n\n\n<ul class=\"wp-block-list\">\n<li>Reels \/ Shorts (Instagram \u2013 TikTok \u2013 YouTube)<\/li>\n\n\n\n<li>Vid\u00e9os produit (food, artisanat, boutique)<\/li>\n\n\n\n<li>Shooting photo (produits, lieu, \u00e9quipe)<br><br><br><strong>Interviews &amp; formats longs (YouTube)<\/strong><\/li>\n\n\n\n<li>Interviews \u00ab parcours &amp; projet \u00bb (format podcast vid\u00e9o)<\/li>\n\n\n\n<li>Reportage \/ mini-documentaire<\/li>\n\n\n\n<li>Captation d\u2019\u00e9v\u00e9nements (conf\u00e9rences, ateliers, communaut\u00e9s)<br><br><strong>Strat\u00e9gie &amp; diffusion<\/strong><\/li>\n\n\n\n<li>Angle \u00e9ditorial + storytelling<\/li>\n\n\n\n<li>Pr\u00e9paration interview (questions, structure, rythme)<\/li>\n\n\n\n<li>Conseils de publication (LinkedIn \/ Instagram \/ YouTube)<\/li>\n\n\n\n<li>Conseil et strat\u00e9gie de communication<\/li>\n\n\n\n<li>Accompagnement et mise en \u0153uvre de projets<\/li>\n<\/ul>\n\n\n\n<div class=\"wp-block-group alignfull has-global-padding is-layout-constrained wp-container-core-group-is-layout-54af5b55 wp-block-group-is-layout-constrained\" style=\"margin-top:0;margin-bottom:0;padding-top:var(--wp--preset--spacing--60);padding-bottom:var(--wp--preset--spacing--60)\">\n<h2 class=\"wp-block-heading alignwide has-text-align-center has-x-large-font-size\"><strong>Un premier message sur LinkedIn suffit.<\/strong><br><em>Sinon, vous pouvez r\u00e9server un court \u00e9change.<\/em><\/h2>\n\n\n\n<div class=\"wp-block-buttons alignwide has-custom-font-size has-medium-font-size is-content-justification-center is-layout-flex wp-container-core-buttons-is-layout-c124d1c4 wp-block-buttons-is-layout-flex\">\n<div class=\"wp-block-button\"><a class=\"wp-block-button__link wp-element-button\" href=\"https:\/\/www.linkedin.com\/company\/comi-agency\">LinkedIn<\/a><\/div>\n\n\n\n<div class=\"wp-block-button\"><a class=\"wp-block-button__link wp-element-button\" href=\"https:\/\/calendly.com\/milladsh\/30min\"><em>un court \u00e9change<\/em><\/a><\/div>\n<\/div>\n\n\n\n<div class=\"wp-block-group alignfull has-global-padding is-layout-constrained wp-block-group-is-layout-constrained\" style=\"margin-top:0;margin-bottom:0;padding-top:var(--wp--preset--spacing--60);padding-bottom:var(--wp--preset--spacing--60)\">\n<div class=\"wp-block-group alignwide is-content-justification-space-between is-layout-flex wp-container-core-group-is-layout-9366075c wp-block-group-is-layout-flex\">\n<h2 class=\"wp-block-heading has-x-large-font-size\">Choose your membership<\/h2>\n\n\n\n<p class=\"is-style-text-annotation is-style-text-annotation--1\">Pricing<\/p>\n<\/div>\n\n\n\n<div class=\"wp-block-columns alignwide is-layout-flex wp-container-core-columns-is-layout-e87f2171 wp-block-columns-is-layout-flex\" style=\"margin-top:var(--wp--preset--spacing--70);margin-bottom:0\">\n<div class=\"wp-block-column has-border-color has-accent-6-border-color has-global-padding is-content-justification-center is-layout-constrained wp-container-core-column-is-layout-860428b2 wp-block-column-is-layout-constrained\" style=\"border-width:1px;border-radius:10px;padding-top:var(--wp--preset--spacing--40);padding-right:var(--wp--preset--spacing--40);padding-bottom:var(--wp--preset--spacing--40);padding-left:var(--wp--preset--spacing--40)\">\n<div class=\"wp-block-columns is-not-stacked-on-mobile is-layout-flex wp-container-core-columns-is-layout-81213e5a wp-block-columns-is-layout-flex\" style=\"margin-top:0;margin-bottom:0\">\n<div class=\"wp-block-column is-layout-flow wp-block-column-is-layout-flow\" style=\"flex-basis:70%\">\n<h3 class=\"wp-block-heading has-large-font-size\" style=\"margin-bottom:var(--wp--preset--spacing--20)\">Starter<\/h3>\n\n\n\n<p class=\"has-small-font-size\">1h sur place + 10 photos retouch\u00e9es + 2 reels (15\u201330s)<\/p>\n<\/div>\n\n\n\n<div class=\"wp-block-column is-layout-flow wp-block-column-is-layout-flow\" style=\"margin-top:0;margin-right:0;margin-bottom:0;margin-left:0\">\n<h3 class=\"wp-block-heading has-text-align-left\">D\u00e8s<br>350\u20ac<\/h3>\n\n\n\n<p class=\"has-text-align-left has-small-font-size\">Month<br><\/p>\n<\/div>\n<\/div>\n\n\n\n<div class=\"wp-block-buttons is-content-justification-center is-layout-flex wp-container-core-buttons-is-layout-d2a3880e wp-block-buttons-is-layout-flex\" style=\"margin-top:var(--wp--preset--spacing--30)\">\n<div class=\"wp-block-button has-custom-width wp-block-button__width-100\"><a class=\"wp-block-button__link wp-element-button\" style=\"letter-spacing:0.08px;line-height:1.2\">Join<\/a><\/div>\n<\/div>\n<\/div>\n\n\n\n<div class=\"wp-block-column has-border-color has-accent-6-border-color has-global-padding is-content-justification-center is-layout-constrained wp-container-core-column-is-layout-860428b2 wp-block-column-is-layout-constrained\" style=\"border-width:1px;border-radius:10px;padding-top:var(--wp--preset--spacing--40);padding-right:var(--wp--preset--spacing--40);padding-bottom:var(--wp--preset--spacing--40);padding-left:var(--wp--preset--spacing--40)\">\n<div class=\"wp-block-columns is-not-stacked-on-mobile is-layout-flex wp-container-core-columns-is-layout-81213e5a wp-block-columns-is-layout-flex\" style=\"margin-top:0;margin-bottom:0\">\n<div class=\"wp-block-column is-layout-flow wp-block-column-is-layout-flow\" style=\"flex-basis:70%\">\n<h3 class=\"wp-block-heading has-large-font-size\" style=\"margin-bottom:var(--wp--preset--spacing--20)\">Growth<\/h3>\n\n\n\n<p class=\"has-small-font-size\">2h + 20 photos + 4 reels + 10 stories pr\u00eates<\/p>\n<\/div>\n\n\n\n<div class=\"wp-block-column is-layout-flow wp-block-column-is-layout-flow\" style=\"margin-top:0;margin-right:0;margin-bottom:0;margin-left:0\">\n<h3 class=\"wp-block-heading has-text-align-right\">D\u00e8s 590\u20ac<\/h3>\n\n\n\n<p class=\"has-text-align-right has-small-font-size\" style=\"margin-top:0\">Month<\/p>\n<\/div>\n<\/div>\n\n\n\n<div class=\"wp-block-buttons is-content-justification-center is-layout-flex wp-container-core-buttons-is-layout-d2a3880e wp-block-buttons-is-layout-flex\" style=\"margin-top:var(--wp--preset--spacing--30)\">\n<div class=\"wp-block-button has-custom-width wp-block-button__width-100\"><a class=\"wp-block-button__link wp-element-button\" style=\"letter-spacing:0.08px;line-height:1.2\">Join<\/a><\/div>\n<\/div>\n<\/div>\n\n\n\n<div class=\"wp-block-column has-border-color has-accent-6-border-color has-global-padding is-content-justification-center is-layout-constrained wp-container-core-column-is-layout-860428b2 wp-block-column-is-layout-constrained\" style=\"border-width:1px;border-radius:10px;padding-top:var(--wp--preset--spacing--40);padding-right:var(--wp--preset--spacing--40);padding-bottom:var(--wp--preset--spacing--40);padding-left:var(--wp--preset--spacing--40)\">\n<div class=\"wp-block-columns is-not-stacked-on-mobile is-layout-flex wp-container-core-columns-is-layout-81213e5a wp-block-columns-is-layout-flex\" style=\"margin-top:0;margin-bottom:0\">\n<div class=\"wp-block-column is-layout-flow wp-block-column-is-layout-flow\" style=\"flex-basis:70%\">\n<h3 class=\"wp-block-heading has-large-font-size\" style=\"margin-bottom:var(--wp--preset--spacing--20)\">Premium<\/h3>\n\n\n\n<p class=\"has-small-font-size\">4h + 35 photos + 6\u20138 reels + 1 vid\u00e9o brand (60\u201390s)<\/p>\n<\/div>\n\n\n\n<div class=\"wp-block-column is-layout-flow wp-block-column-is-layout-flow\" style=\"margin-top:0;margin-right:0;margin-bottom:0;margin-left:0\">\n<h3 class=\"wp-block-heading has-text-align-right\">D\u00e8s 1200\u20ac<\/h3>\n\n\n\n<p class=\"has-text-align-right has-small-font-size\" style=\"margin-top:0\">Month<\/p>\n<\/div>\n<\/div>\n\n\n\n<div class=\"wp-block-buttons is-content-justification-center is-layout-flex wp-container-core-buttons-is-layout-d2a3880e wp-block-buttons-is-layout-flex\" style=\"margin-top:var(--wp--preset--spacing--30)\">\n<div class=\"wp-block-button has-custom-width wp-block-button__width-100\"><a class=\"wp-block-button__link wp-element-button\" style=\"letter-spacing:0.08px;line-height:1.2\">Join<\/a><\/div>\n<\/div>\n<\/div>\n<\/div>\n<\/div>\n\n\n\n<p class=\"has-text-align-center has-medium-font-size\">Outside Europe? View <a href=\"#\" rel=\"nofollow\">international editions<\/a>.<\/p>\n<\/div>\n\n\n\n<p><\/p>\n","protected":false},"excerpt":{"rendered":"<p>J\u2019aide les personnes, commerces et projets \u00e0 gagner en visibilit\u00e9 gr\u00e2ce \u00e0 la vid\u00e9o, la photo et des contenus simples et premium. \ud83d\udd39 Services Prroduction vid\u00e9o &amp; contenus Un premier message sur LinkedIn suffit.Sinon, vous pouvez r\u00e9server un court \u00e9change. Choose your membership Pricing Starter 1h sur place + 10 photos retouch\u00e9es + 2 reels [&hellip;]<\/p>\n","protected":false},"author":1,"featured_media":0,"parent":0,"menu_order":0,"comment_status":"closed","ping_status":"closed","template":"","meta":{"footnotes":""},"class_list":["post-15","page","type-page","status-publish","hentry"],"yoast_head":"<!-- This site is optimized with the Yoast SEO plugin v26.7 - https:\/\/yoast.com\/wordpress\/plugins\/seo\/ -->\n<title>Nous m\u00e9ritons tous d\u2019\u00eatre visibles. - agence de comi<\/title>\n<meta name=\"robots\" content=\"index, follow, max-snippet:-1, max-image-preview:large, max-video-preview:-1\" \/>\n<link rel=\"canonical\" href=\"https:\/\/agencedecomi.com\/\" \/>\n<meta property=\"og:locale\" content=\"en_US\" \/>\n<meta property=\"og:type\" content=\"article\" \/>\n<meta property=\"og:title\" content=\"Nous m\u00e9ritons tous d\u2019\u00eatre visibles. - agence de comi\" \/>\n<meta property=\"og:description\" content=\"J\u2019aide les personnes, commerces et projets \u00e0 gagner en visibilit\u00e9 gr\u00e2ce \u00e0 la vid\u00e9o, la photo et des contenus simples et premium. \ud83d\udd39 Services Prroduction vid\u00e9o &amp; contenus Un premier message sur LinkedIn suffit.Sinon, vous pouvez r\u00e9server un court \u00e9change. Choose your membership Pricing Starter 1h sur place + 10 photos retouch\u00e9es + 2 reels [&hellip;]\" \/>\n<meta property=\"og:url\" content=\"https:\/\/agencedecomi.com\/\" \/>\n<meta property=\"og:site_name\" content=\"agence de comi\" \/>\n<meta property=\"article:modified_time\" content=\"2026-01-12T23:18:06+00:00\" \/>\n<meta name=\"twitter:card\" content=\"summary_large_image\" \/>\n<meta name=\"twitter:label1\" content=\"Est. reading time\" \/>\n\t<meta name=\"twitter:data1\" content=\"1 minute\" \/>\n<script type=\"application\/ld+json\" class=\"yoast-schema-graph\">{\"@context\":\"https:\/\/schema.org\",\"@graph\":[{\"@type\":\"WebPage\",\"@id\":\"https:\/\/agencedecomi.com\/\",\"url\":\"https:\/\/agencedecomi.com\/\",\"name\":\"Nous m\u00e9ritons tous d\u2019\u00eatre visibles. - agence de comi\",\"isPartOf\":{\"@id\":\"https:\/\/agencedecomi.com\/#website\"},\"datePublished\":\"2026-01-07T16:14:35+00:00\",\"dateModified\":\"2026-01-12T23:18:06+00:00\",\"breadcrumb\":{\"@id\":\"https:\/\/agencedecomi.com\/#breadcrumb\"},\"inLanguage\":\"en-US\",\"potentialAction\":[{\"@type\":\"ReadAction\",\"target\":[\"https:\/\/agencedecomi.com\/\"]}]},{\"@type\":\"BreadcrumbList\",\"@id\":\"https:\/\/agencedecomi.com\/#breadcrumb\",\"itemListElement\":[{\"@type\":\"ListItem\",\"position\":1,\"name\":\"Home\",\"item\":\"https:\/\/agencedecomi.com\/\"},{\"@type\":\"ListItem\",\"position\":2,\"name\":\"Nous m\u00e9ritons tous d\u2019\u00eatre visibles.\"}]},{\"@type\":\"WebSite\",\"@id\":\"https:\/\/agencedecomi.com\/#website\",\"url\":\"https:\/\/agencedecomi.com\/\",\"name\":\"agence de comi\",\"description\":\"\",\"potentialAction\":[{\"@type\":\"SearchAction\",\"target\":{\"@type\":\"EntryPoint\",\"urlTemplate\":\"https:\/\/agencedecomi.com\/?s={search_term_string}\"},\"query-input\":{\"@type\":\"PropertyValueSpecification\",\"valueRequired\":true,\"valueName\":\"search_term_string\"}}],\"inLanguage\":\"en-US\"}]}<\/script>\n<!-- \/ Yoast SEO plugin. -->","yoast_head_json":{"title":"Nous m\u00e9ritons tous d\u2019\u00eatre visibles. - agence de comi","robots":{"index":"index","follow":"follow","max-snippet":"max-snippet:-1","max-image-preview":"max-image-preview:large","max-video-preview":"max-video-preview:-1"},"canonical":"https:\/\/agencedecomi.com\/","og_locale":"en_US","og_type":"article","og_title":"Nous m\u00e9ritons tous d\u2019\u00eatre visibles. - agence de comi","og_description":"J\u2019aide les personnes, commerces et projets \u00e0 gagner en visibilit\u00e9 gr\u00e2ce \u00e0 la vid\u00e9o, la photo et des contenus simples et premium. \ud83d\udd39 Services Prroduction vid\u00e9o &amp; contenus Un premier message sur LinkedIn suffit.Sinon, vous pouvez r\u00e9server un court \u00e9change. Choose your membership Pricing Starter 1h sur place + 10 photos retouch\u00e9es + 2 reels [&hellip;]","og_url":"https:\/\/agencedecomi.com\/","og_site_name":"agence de comi","article_modified_time":"2026-01-12T23:18:06+00:00","twitter_card":"summary_large_image","twitter_misc":{"Est. reading time":"1 minute"},"schema":{"@context":"https:\/\/schema.org","@graph":[{"@type":"WebPage","@id":"https:\/\/agencedecomi.com\/","url":"https:\/\/agencedecomi.com\/","name":"Nous m\u00e9ritons tous d\u2019\u00eatre visibles. - agence de comi","isPartOf":{"@id":"https:\/\/agencedecomi.com\/#website"},"datePublished":"2026-01-07T16:14:35+00:00","dateModified":"2026-01-12T23:18:06+00:00","breadcrumb":{"@id":"https:\/\/agencedecomi.com\/#breadcrumb"},"inLanguage":"en-US","potentialAction":[{"@type":"ReadAction","target":["https:\/\/agencedecomi.com\/"]}]},{"@type":"BreadcrumbList","@id":"https:\/\/agencedecomi.com\/#breadcrumb","itemListElement":[{"@type":"ListItem","position":1,"name":"Home","item":"https:\/\/agencedecomi.com\/"},{"@type":"ListItem","position":2,"name":"Nous m\u00e9ritons tous d\u2019\u00eatre visibles."}]},{"@type":"WebSite","@id":"https:\/\/agencedecomi.com\/#website","url":"https:\/\/agencedecomi.com\/","name":"agence de comi","description":"","potentialAction":[{"@type":"SearchAction","target":{"@type":"EntryPoint","urlTemplate":"https:\/\/agencedecomi.com\/?s={search_term_string}"},"query-input":{"@type":"PropertyValueSpecification","valueRequired":true,"valueName":"search_term_string"}}],"inLanguage":"en-US"}]}},"_links":{"self":[{"href":"https:\/\/agencedecomi.com\/index.php?rest_route=\/wp\/v2\/pages\/15","targetHints":{"allow":["GET"]}}],"collection":[{"href":"https:\/\/agencedecomi.com\/index.php?rest_route=\/wp\/v2\/pages"}],"about":[{"href":"https:\/\/agencedecomi.com\/index.php?rest_route=\/wp\/v2\/types\/page"}],"author":[{"embeddable":true,"href":"https:\/\/agencedecomi.com\/index.php?rest_route=\/wp\/v2\/users\/1"}],"replies":[{"embeddable":true,"href":"https:\/\/agencedecomi.com\/index.php?rest_route=%2Fwp%2Fv2%2Fcomments&post=15"}],"version-history":[{"count":7,"href":"https:\/\/agencedecomi.com\/index.php?rest_route=\/wp\/v2\/pages\/15\/revisions"}],"predecessor-version":[{"id":32,"href":"https:\/\/agencedecomi.com\/index.php?rest_route=\/wp\/v2\/pages\/15\/revisions\/32"}],"wp:attachment":[{"href":"https:\/\/agencedecomi.com\/index.php?rest_route=%2Fwp%2Fv2%2Fmedia&parent=15"}],"curies":[{"name":"wp","href":"https:\/\/api.w.org\/{rel}","templated":true}]}}